{"id":62,"date":"2022-07-21T19:37:25","date_gmt":"2022-07-21T19:37:25","guid":{"rendered":"https:\/\/e-pri4all.erasmus.site\/?page_id=62"},"modified":"2024-03-11T17:48:39","modified_gmt":"2024-03-11T17:48:39","slug":"materials","status":"publish","type":"page","link":"https:\/\/e-pri4all.erasmus.site\/es\/materials\/","title":{"rendered":"Workshops"},"content":{"rendered":"<p><strong>El partenariado prev\u00e9 cuatro talleres nacionales que ser\u00e1n organizados por UAL (Espa\u00f1a), <a href=\"https:\/\/e-pri4all.erasmus.site\/el\/materials\/\">EKKE (Grecia)<\/a>, <a href=\"https:\/\/e-pri4all.erasmus.site\/it\/materials\/\">UNIMORE (Italia)<\/a> y <a href=\"https:\/\/e-pri4all.erasmus.site\/pl\/materials\/\">DANMAR (Polonia)<\/a> respectivamente con el fin de compartir los REAs de e-PRI4ALL y presentar los objetivos, actividades y resultados del proyecto, con la participaci\u00f3n de los\/as alumnos\/as de los grupos objetivo del proyecto.<\/strong><\/p>\n<div class=\"row\">\n<div class=\"col-sm-3\" style=\"text-align: center;\"><a href=\"https:\/\/e-pri4all.erasmus.site\/wp-content\/uploads\/2023\/10\/Poster-workshop-epri4all_Spain.pdf\" target=\"_blank\" rel=\"noopener noreferrer\"><br \/>\n<img fetchpriority=\"high\" decoding=\"async\" class=\"size-medium wp-image-117 aligncenter\" src=\"https:\/\/e-pri4all.erasmus.site\/wp-content\/uploads\/2023\/10\/Poster-workshop-epri4all_Spain-212x300.png\" alt=\"\" width=\"212\" height=\"300\" \/><br \/>\nWORKSHOP ePRI4ALL ESPA\u00d1A<\/a><\/div>\n<div class=\"col-sm-3\" style=\"text-align: center;\"><a href=\"https:\/\/e-pri4all.erasmus.site\/wp-content\/uploads\/2023\/10\/Poster-workshop-epri4all_Spain.pdf\" target=\"_blank\" rel=\"noopener noreferrer\"><br \/>\n<img decoding=\"async\" class=\"size-medium wp-image-117 aligncenter\" src=\"https:\/\/e-pri4all.erasmus.site\/wp-content\/uploads\/2023\/10\/PROGRAMA-WORKSHOP-ePRI4ALL-page-001.jpg\" alt=\"\" width=\"212\" height=\"300\" \/><br \/>\nWORKSHOP ePRI4ALL ESPA\u00d1A &#8211; PROGRAMACI\u00d3N<\/a><\/div>\n<\/div>\n<div style=\"text-align: center;\">\t<a class=\"paoc-popup-click paoc-popup-cust-1329 paoc-popup-button paoc-popup-btn \" href=\"javascript:void(0);\">Galer\u00eda<\/a>\r\n<\/div>\n<p><\/p>","protected":false},"excerpt":{"rendered":"<p>El partenariado prev\u00e9 cuatro talleres nacionales que ser\u00e1n organizados por UAL (Espa\u00f1a), EKKE (Grecia), UNIMORE (Italia) y DANMAR (Polonia) respectivamente&hellip;&nbsp;<\/p>\n","protected":false},"author":1,"featured_media":0,"parent":0,"menu_order":0,"comment_status":"closed","ping_status":"closed","template":"","meta":{"neve_meta_sidebar":"","neve_meta_container":"","neve_meta_enable_content_width":"off","neve_meta_content_width":100,"neve_meta_title_alignment":"","neve_meta_author_avatar":"","neve_post_elements_order":"","neve_meta_disable_header":"","neve_meta_disable_footer":"","neve_meta_disable_title":"","footnotes":""},"class_list":["post-62","page","type-page","status-publish","hentry"],"_links":{"self":[{"href":"https:\/\/e-pri4all.erasmus.site\/es\/wp-json\/wp\/v2\/pages\/62","targetHints":{"allow":["GET"]}}],"collection":[{"href":"https:\/\/e-pri4all.erasmus.site\/es\/wp-json\/wp\/v2\/pages"}],"about":[{"href":"https:\/\/e-pri4all.erasmus.site\/es\/wp-json\/wp\/v2\/types\/page"}],"author":[{"embeddable":true,"href":"https:\/\/e-pri4all.erasmus.site\/es\/wp-json\/wp\/v2\/users\/1"}],"replies":[{"embeddable":true,"href":"https:\/\/e-pri4all.erasmus.site\/es\/wp-json\/wp\/v2\/comments?post=62"}],"version-history":[{"count":34,"href":"https:\/\/e-pri4all.erasmus.site\/es\/wp-json\/wp\/v2\/pages\/62\/revisions"}],"predecessor-version":[{"id":1338,"href":"https:\/\/e-pri4all.erasmus.site\/es\/wp-json\/wp\/v2\/pages\/62\/revisions\/1338"}],"wp:attachment":[{"href":"https:\/\/e-pri4all.erasmus.site\/es\/wp-json\/wp\/v2\/media?parent=62"}],"curies":[{"name":"wp","href":"https:\/\/api.w.org\/{rel}","templated":true}]}}