{"id":1190,"date":"2024-03-06T11:00:57","date_gmt":"2024-03-06T11:00:57","guid":{"rendered":"https:\/\/e-pri4all.erasmus.site\/?page_id=1190"},"modified":"2024-10-01T07:56:33","modified_gmt":"2024-10-01T07:56:33","slug":"innovative-oers","status":"publish","type":"page","link":"https:\/\/e-pri4all.erasmus.site\/pl\/innovative-oers\/","title":{"rendered":"Cyfrowy podr\u0119cznik dla dyrektor\u00f3w szk\u00f3\u0142 podstawowych w zakresie przyw\u00f3dztwa w kszta\u0142ceniu internetowym i w\u0142\u0105czaj\u0105cym"},"content":{"rendered":"<p><\/p>\n<p style=\"text-align: center;\"><div class=\"_df_book df-lite\" id=\"df_rand2629303593\"  data-title=\"\" wpoptions=\"true\" thumbtype=\"\" source=\"https:\/\/e-pri4all.erasmus.site\/wp-content\/uploads\/2024\/10\/PL_Digital-Manual-for-primary-school-principals-in-online-and-inclusive-education-leadership.pdf\" ><\/div><\/p>\n<p style=\"text-align: center;\"><a class=\"btn\" href=\"https:\/\/e-pri4all.erasmus.site\/wp-content\/uploads\/2024\/10\/PL_Digital-Manual-for-primary-school-principals-in-online-and-inclusive-education-leadership.pdf\" download=\"\">Pobierz<\/a><\/p>\n<p><\/p>","protected":false},"excerpt":{"rendered":"<p>Pobierz<\/p>\n","protected":false},"author":1,"featured_media":0,"parent":0,"menu_order":0,"comment_status":"closed","ping_status":"closed","template":"","meta":{"neve_meta_sidebar":"","neve_meta_container":"","neve_meta_enable_content_width":"off","neve_meta_content_width":100,"neve_meta_title_alignment":"","neve_meta_author_avatar":"","neve_post_elements_order":"","neve_meta_disable_header":"","neve_meta_disable_footer":"","neve_meta_disable_title":"","footnotes":""},"class_list":["post-1190","page","type-page","status-publish","hentry"],"_links":{"self":[{"href":"https:\/\/e-pri4all.erasmus.site\/pl\/wp-json\/wp\/v2\/pages\/1190","targetHints":{"allow":["GET"]}}],"collection":[{"href":"https:\/\/e-pri4all.erasmus.site\/pl\/wp-json\/wp\/v2\/pages"}],"about":[{"href":"https:\/\/e-pri4all.erasmus.site\/pl\/wp-json\/wp\/v2\/types\/page"}],"author":[{"embeddable":true,"href":"https:\/\/e-pri4all.erasmus.site\/pl\/wp-json\/wp\/v2\/users\/1"}],"replies":[{"embeddable":true,"href":"https:\/\/e-pri4all.erasmus.site\/pl\/wp-json\/wp\/v2\/comments?post=1190"}],"version-history":[{"count":8,"href":"https:\/\/e-pri4all.erasmus.site\/pl\/wp-json\/wp\/v2\/pages\/1190\/revisions"}],"predecessor-version":[{"id":1385,"href":"https:\/\/e-pri4all.erasmus.site\/pl\/wp-json\/wp\/v2\/pages\/1190\/revisions\/1385"}],"wp:attachment":[{"href":"https:\/\/e-pri4all.erasmus.site\/pl\/wp-json\/wp\/v2\/media?parent=1190"}],"curies":[{"name":"wp","href":"https:\/\/api.w.org\/{rel}","templated":true}]}}