{"id":160,"date":"2022-12-21T10:53:55","date_gmt":"2022-12-21T10:53:55","guid":{"rendered":"https:\/\/e-pri4all.erasmus.site\/?page_id=160"},"modified":"2023-03-09T14:29:54","modified_gmt":"2023-03-09T14:29:54","slug":"contact","status":"publish","type":"page","link":"https:\/\/e-pri4all.erasmus.site\/pl\/contact\/","title":{"rendered":"Kontakt"},"content":{"rendered":"<p><\/p>\n<p style=\"text-align: center;\">W przypadku og\u00f3lnych zapyta\u0144 dotycz\u0105cych projektu prosimy o kontakt z<\/p>\n<p style=\"text-align: center;\"><strong>Koordynator projektu CEMyRI<\/strong><\/p>\n<p><img fetchpriority=\"high\" decoding=\"async\" class=\"wp-image-75 size-full aligncenter\" src=\"https:\/\/e-pri4all.erasmus.site\/wp-content\/uploads\/2022\/07\/cemri.png\" alt=\"\" width=\"600\" height=\"300\" srcset=\"https:\/\/e-pri4all.erasmus.site\/wp-content\/uploads\/2022\/07\/cemri.png 600w, https:\/\/e-pri4all.erasmus.site\/wp-content\/uploads\/2022\/07\/cemri-300x150.png 300w, https:\/\/e-pri4all.erasmus.site\/wp-content\/uploads\/2022\/07\/cemri-24x12.png 24w, https:\/\/e-pri4all.erasmus.site\/wp-content\/uploads\/2022\/07\/cemri-36x18.png 36w, https:\/\/e-pri4all.erasmus.site\/wp-content\/uploads\/2022\/07\/cemri-48x24.png 48w\" sizes=\"(max-width: 600px) 100vw, 600px\" \/><\/p>\n<p style=\"text-align: center;\">Centre for Migration Studies and Intercultural Relations (University of Almer\u00eda)<\/p>\n<p style=\"text-align: center;\">Carretera de Sacramento s\/n,<\/p>\n<p style=\"text-align: center;\">P.O. Code: 04120, La Ca\u00f1ada de San Urbano<\/p>\n<p style=\"text-align: center;\">Almer\u00eda, Spain<br \/>\nPhone: (+34) 950 214757<\/p>\n<p style=\"text-align: center;\">Email: <a href=\"mailto:cemyri@ual.es\">cemyri@ual.es<\/a><\/p>\n<p style=\"text-align: center;\">Website: <a href=\"http:\/\/www.cemyri.es\">www.cemyri.es<\/a><\/p>\n<p><\/p>","protected":false},"excerpt":{"rendered":"<p>W przypadku og\u00f3lnych zapyta\u0144 dotycz\u0105cych projektu prosimy o kontakt z Koordynator projektu CEMyRI Centre for Migration Studies and Intercultural Relations&hellip;&nbsp;<\/p>\n","protected":false},"author":1,"featured_media":0,"parent":0,"menu_order":0,"comment_status":"closed","ping_status":"closed","template":"","meta":{"neve_meta_sidebar":"","neve_meta_container":"","neve_meta_enable_content_width":"off","neve_meta_content_width":100,"neve_meta_title_alignment":"","neve_meta_author_avatar":"","neve_post_elements_order":"","neve_meta_disable_header":"","neve_meta_disable_footer":"","neve_meta_disable_title":"","footnotes":""},"class_list":["post-160","page","type-page","status-publish","hentry"],"_links":{"self":[{"href":"https:\/\/e-pri4all.erasmus.site\/pl\/wp-json\/wp\/v2\/pages\/160","targetHints":{"allow":["GET"]}}],"collection":[{"href":"https:\/\/e-pri4all.erasmus.site\/pl\/wp-json\/wp\/v2\/pages"}],"about":[{"href":"https:\/\/e-pri4all.erasmus.site\/pl\/wp-json\/wp\/v2\/types\/page"}],"author":[{"embeddable":true,"href":"https:\/\/e-pri4all.erasmus.site\/pl\/wp-json\/wp\/v2\/users\/1"}],"replies":[{"embeddable":true,"href":"https:\/\/e-pri4all.erasmus.site\/pl\/wp-json\/wp\/v2\/comments?post=160"}],"version-history":[{"count":7,"href":"https:\/\/e-pri4all.erasmus.site\/pl\/wp-json\/wp\/v2\/pages\/160\/revisions"}],"predecessor-version":[{"id":301,"href":"https:\/\/e-pri4all.erasmus.site\/pl\/wp-json\/wp\/v2\/pages\/160\/revisions\/301"}],"wp:attachment":[{"href":"https:\/\/e-pri4all.erasmus.site\/pl\/wp-json\/wp\/v2\/media?parent=160"}],"curies":[{"name":"wp","href":"https:\/\/api.w.org\/{rel}","templated":true}]}}