{"id":62,"date":"2022-07-21T19:37:25","date_gmt":"2022-07-21T19:37:25","guid":{"rendered":"https:\/\/e-pri4all.erasmus.site\/?page_id=62"},"modified":"2024-03-11T17:48:39","modified_gmt":"2024-03-11T17:48:39","slug":"materials","status":"publish","type":"page","link":"https:\/\/e-pri4all.erasmus.site\/pl\/materials\/","title":{"rendered":"Workshops"},"content":{"rendered":"<p><strong>Partnerstwo przewiduje cztery warsztaty krajowe, kt\u00f3re zostan\u0105 zorganizowane odpowiednio przez <a href=\"https:\/\/e-pri4all.erasmus.site\/es\/materials\/\">UAL (Hiszpania)<\/a>, <a href=\"https:\/\/e-pri4all.erasmus.site\/el\/materials\/\">EKKE (Grecja)<\/a>, <a href=\"https:\/\/e-pri4all.erasmus.site\/it\/materials\/\">UNIMORE (W\u0142ochy)<\/a> i DANMAR (Polska) w celu udost\u0119pnienia e-PRI4ALL OERs i zaprezentowania cel\u00f3w, dzia\u0142a\u0144 i rezultat\u00f3w projektu, z udzia\u0142em ucz\u0105cych si\u0119 z grup docelowych projektu.<\/strong><\/p>\n<p><img loading=\"lazy\" decoding=\"async\" class=\"size-full wp-image-947 aligncenter\" src=\"https:\/\/e-pri4all.erasmus.site\/wp-content\/uploads\/2023\/11\/pl.png\" alt=\"\" width=\"80\" height=\"60\" \/><\/p>\n<div class=\"row\">\n<div class=\"col-sm-3\" style=\"text-align: center;\"><a href=\"https:\/\/e-pri4all.erasmus.site\/wp-content\/uploads\/2023\/12\/Plakat.png\" target=\"_blank\" rel=\"noopener noreferrer\"><br \/>\n<img loading=\"lazy\" decoding=\"async\" class=\"size-medium wp-image-117 aligncenter\" src=\"https:\/\/e-pri4all.erasmus.site\/wp-content\/uploads\/2023\/12\/Plakat.png\" alt=\"\" width=\"212\" height=\"300\" \/><br \/>\nPlakat<\/a><\/div>\n<div class=\"col-sm-3\" style=\"text-align: center;\"><a href=\"https:\/\/e-pri4all.erasmus.site\/wp-content\/uploads\/2023\/12\/Agenda-warsztatow.pdf\" target=\"_blank\" rel=\"noopener noreferrer\"><br \/>\n<img loading=\"lazy\" decoding=\"async\" class=\"size-medium wp-image-117 aligncenter\" src=\"https:\/\/e-pri4all.erasmus.site\/wp-content\/uploads\/2023\/12\/Agenda-warsztatow-page-001.jpg\" alt=\"\" width=\"212\" height=\"300\" \/><br \/>\nAgenda warsztat\u00f3w<\/a><\/div>\n<\/div>\n<div style=\"text-align: center;\">\t<a class=\"paoc-popup-click paoc-popup-cust-1336 paoc-popup-button paoc-popup-btn \" href=\"javascript:void(0);\">Galeria<\/a>\r\n<\/div>\n<p><\/p>","protected":false},"excerpt":{"rendered":"<p>Partnerstwo przewiduje cztery warsztaty krajowe, kt\u00f3re zostan\u0105 zorganizowane odpowiednio przez UAL (Hiszpania), EKKE (Grecja), UNIMORE (W\u0142ochy) i DANMAR (Polska) w&hellip;&nbsp;<\/p>\n","protected":false},"author":1,"featured_media":0,"parent":0,"menu_order":0,"comment_status":"closed","ping_status":"closed","template":"","meta":{"neve_meta_sidebar":"","neve_meta_container":"","neve_meta_enable_content_width":"off","neve_meta_content_width":100,"neve_meta_title_alignment":"","neve_meta_author_avatar":"","neve_post_elements_order":"","neve_meta_disable_header":"","neve_meta_disable_footer":"","neve_meta_disable_title":"","footnotes":""},"class_list":["post-62","page","type-page","status-publish","hentry"],"_links":{"self":[{"href":"https:\/\/e-pri4all.erasmus.site\/pl\/wp-json\/wp\/v2\/pages\/62","targetHints":{"allow":["GET"]}}],"collection":[{"href":"https:\/\/e-pri4all.erasmus.site\/pl\/wp-json\/wp\/v2\/pages"}],"about":[{"href":"https:\/\/e-pri4all.erasmus.site\/pl\/wp-json\/wp\/v2\/types\/page"}],"author":[{"embeddable":true,"href":"https:\/\/e-pri4all.erasmus.site\/pl\/wp-json\/wp\/v2\/users\/1"}],"replies":[{"embeddable":true,"href":"https:\/\/e-pri4all.erasmus.site\/pl\/wp-json\/wp\/v2\/comments?post=62"}],"version-history":[{"count":34,"href":"https:\/\/e-pri4all.erasmus.site\/pl\/wp-json\/wp\/v2\/pages\/62\/revisions"}],"predecessor-version":[{"id":1338,"href":"https:\/\/e-pri4all.erasmus.site\/pl\/wp-json\/wp\/v2\/pages\/62\/revisions\/1338"}],"wp:attachment":[{"href":"https:\/\/e-pri4all.erasmus.site\/pl\/wp-json\/wp\/v2\/media?parent=62"}],"curies":[{"name":"wp","href":"https:\/\/api.w.org\/{rel}","templated":true}]}}